{"id":19,"date":"2021-02-23T11:18:21","date_gmt":"2021-02-23T11:18:21","guid":{"rendered":"https:\/\/energorem.net\/?page_id=19"},"modified":"2024-12-13T10:55:54","modified_gmt":"2024-12-13T10:55:54","slug":"kariera","status":"publish","type":"page","link":"https:\/\/energorem.net\/en\/kariera\/","title":{"rendered":"Career"},"content":{"rendered":"<div data-elementor-type=\"wp-page\" data-elementor-id=\"19\" class=\"elementor elementor-19\">\n\t\t\t\t\t\t<section class=\"elementor-section elementor-inner-section elementor-element elementor-element-5c9be736 elementor-section-full_width elementor-section-height-default elementor-section-height-default\" data-id=\"5c9be736\" data-element_type=\"section\" data-e-type=\"section\">\n\t\t\t\t\t\t<div class=\"elementor-container elementor-column-gap-default\">\n\t\t\t\t\t<div class=\"elementor-column elementor-col-50 elementor-inner-column elementor-element elementor-element-33810b19\" data-id=\"33810b19\" data-element_type=\"column\" data-e-type=\"column\" data-settings=\"{&quot;background_background&quot;:&quot;classic&quot;}\">\n\t\t\t<div class=\"elementor-widget-wrap elementor-element-populated\">\n\t\t\t\t\t\t<div class=\"elementor-element elementor-element-7d580131 elementor-view-default elementor-widget elementor-widget-icon\" data-id=\"7d580131\" data-element_type=\"widget\" data-e-type=\"widget\" data-widget_type=\"icon.default\">\n\t\t\t\t<div class=\"elementor-widget-container\">\n\t\t\t\t\t\t\t<div class=\"elementor-icon-wrapper\">\n\t\t\t<div class=\"elementor-icon\">\n\t\t\t<svg xmlns=\"http:\/\/www.w3.org\/2000\/svg\" id=\"Capa_1\" height=\"512\" viewbox=\"0 0 511.985 511.985\" width=\"512\"><g><path d=\"m492.868 10.291c-.205-3.398-2.677-6.252-6.015-6.92-22.445-4.497-45.206-4.494-67.652.006-3.327.667-5.778 3.508-5.982 6.896-.039.646-.07 1.293-.102 1.94-.033.662-.082 1.324-.185 1.979-1.67 10.672-10.923 18.863-22.055 18.863-8.151 0-15.294-4.391-19.191-10.932-1.714-2.876-2.641-6.152-2.934-9.487-.077-.874-.155-1.747-.238-2.62-.332-3.494-3.037-6.287-6.519-6.73-34.39-4.379-69.262-4.38-103.648-.002-3.485.444-6.204 3.235-6.536 6.732-.345 3.628-.647 7.261-.928 10.898-.991.005-1.99-.002-2.963.025-22.738.61-45.081 6.901-64.636 18.197-3.382 1.953-4.938 6.158-3.321 9.712 1.285 2.825 4.023 4.419 6.846 4.419 1.278 0 2.574-.327 3.759-1.015 17.45-10.13 37.422-15.773 57.761-16.319.517-.014 1.051-.006 1.574-.013-1.156 21.654-1.201 43.399-.125 65.059-30.708.856-60.567 7.177-88.754 18.793-6.479 2.673-12.123-.04-15.243-3.469-3.085-3.393-5.229-9.2-1.993-15.33 6.26-11.876 14.383-22.576 24.147-31.81 2.968-2.807 3.401-7.536.705-10.604-2.815-3.204-7.699-3.413-10.778-.515-11.065 10.416-20.265 22.505-27.342 35.93-5.65 10.702-4.016 23.428 4.164 32.421 5.602 6.159 13.228 9.441 21.077 9.441 3.672 0 7.394-.719 10.979-2.197 26.648-10.982 54.894-16.932 83.959-17.683.001.001.001.001.001.001.326 4.434.692 8.863 1.112 13.284.331 3.484 3.025 6.285 6.497 6.727 3.276.417 6.558.782 9.842 1.12v63.555c-14.77-4.889-31.087-3.206-44.821 5.078l-101.547 61.246c-5.829-7.261-14.771-11.922-24.785-11.922h-47.884c-17.551 0-31.779 14.228-31.779 31.779v193.38c0 17.551 14.228 31.779 31.779 31.779h47.885c9.03 0 17.186-3.792 22.977-9.86.422.074.854.12 1.296.12h223.535c4.107 0 7.688-3.164 7.811-7.269.128-4.247-3.277-7.731-7.497-7.731h-216.35v-6.808c0-.077.006-.154.006-.231v-193.38c0-.064-.004-.128-.005-.192v-6.364l102.305-61.702c11.407-6.881 25.272-7.444 37.074-1.753v22.36h-20.346c-4.107 0-7.688 3.164-7.811 7.269-.128 4.247 3.277 7.731 7.497 7.731h123.76c6.275 0 12.183 2.446 16.627 6.883 4.439 4.439 6.884 10.34 6.884 16.617 0 12.902-10.448 23.411-23.328 23.51-3.445.026-6.586 2.197-7.434 5.536-1.267 4.99 2.469 9.465 7.251 9.465h10.597c13.155 0 24.265 10.765 24.04 23.918-.219 12.781-10.68 23.112-23.506 23.112h-10.817c-4.107 0-7.688 3.164-7.811 7.269-.128 4.247 3.277 7.731 7.497 7.731 6.283 0 12.188 2.444 16.632 6.888 4.406 4.399 6.846 10.253 6.879 16.496.068 13.002-11.113 23.636-24.116 23.636h-10.21c-4.107 0-7.688 3.164-7.811 7.269-.128 4.247 3.277 7.731 7.497 7.731 6.275 0 12.183 2.446 16.632 6.888 4.436 4.429 6.879 10.329 6.879 16.612 0 8.596-4.659 16.463-12.184 20.612-3.421 1.886-5.196 5.947-3.73 9.568 1.21 2.988 4.038 4.712 6.97 4.712 1.19 0 2.398-.284 3.522-.883 12.596-6.717 20.421-19.748 20.421-34.008 0-10.231-3.956-19.844-11.146-27.092 13.145-6.136 22.275-19.481 22.275-34.918 0-10.24-3.958-19.859-11.146-27.103 13.145-6.137 22.276-19.486 22.276-34.928 0-15.446-9.14-28.797-22.297-34.928 6.9-6.963 11.167-16.538 11.167-27.092 0-10.283-4.005-19.951-11.281-27.228-7.282-7.269-16.952-11.272-27.229-11.272h-19.079v-102.084c3.287-.338 6.571-.703 9.851-1.121 3.471-.442 6.161-3.243 6.492-6.727.083-.873.161-1.746.238-2.619.293-3.335 1.22-6.611 2.934-9.487 3.897-6.541 11.039-10.932 19.191-10.932 11.133 0 20.385 8.191 22.055 18.863.102.654.151 1.317.185 1.979.033.647.063 1.294.102 1.939.204 3.387 2.655 6.228 5.982 6.895 11.228 2.252 22.535 3.378 33.842 3.378 11.296 0 22.592-1.124 33.81-3.371 3.338-.669 5.809-3.522 6.015-6.919 2.376-39.374 2.376-79.303-.001-118.677zm-395.869 486.694h-47.885c-9.252 0-16.779-7.527-16.779-16.779v-193.38c0-9.252 7.527-16.779 16.779-16.779h47.885c9.219 0 16.722 7.476 16.774 16.683l-.001 193.592c-.063 9.198-7.56 16.663-16.773 16.663zm169.205-479.535c29.201-3.267 58.717-3.267 87.92 0 2.947 34.656 2.947 69.701 0 104.357-29.203 3.267-58.719 3.267-87.92 0-2.947-34.656-2.947-69.701 0-104.357zm70.969 221.725h-54.021v-100.814c8.992.593 18.002.896 27.012.896 9.009 0 18.017-.303 27.009-.896zm53.705-147.971c-7.419 0-14.333 2.184-20.151 5.931.797-18.319.797-36.692 0-55.011 5.817 3.747 12.732 5.931 20.151 5.931 7.767 0 14.986-2.387 20.966-6.462-.529 18.673-.529 37.401 0 56.074-5.981-4.077-13.199-6.463-20.966-6.463zm87.352 31.006c-16.739 2.729-33.637 2.729-50.374 0-1.894-34.922-1.894-70.24 0-105.162 16.736-2.729 33.634-2.729 50.374 0 1.894 34.922 1.894 70.24 0 105.162z\"><\/path><\/g><\/svg>\t\t\t<\/div>\n\t\t<\/div>\n\t\t\t\t\t\t<\/div>\n\t\t\t\t<\/div>\n\t\t\t\t<div class=\"elementor-element elementor-element-6f7d7f6f elementor-widget elementor-widget-heading\" data-id=\"6f7d7f6f\" data-element_type=\"widget\" data-e-type=\"widget\" data-widget_type=\"heading.default\">\n\t\t\t\t<div class=\"elementor-widget-container\">\n\t\t\t\t\t<h2 class=\"elementor-heading-title elementor-size-default\">Position \u2013 Fitter<\/h2>\t\t\t\t<\/div>\n\t\t\t\t<\/div>\n\t\t\t\t<div class=\"elementor-element elementor-element-709711d elementor-widget elementor-widget-text-editor\" data-id=\"709711d\" data-element_type=\"widget\" data-e-type=\"widget\" data-widget_type=\"text-editor.default\">\n\t\t\t\t<div class=\"elementor-widget-container\">\n\t\t\t\t\t\t\t\t\t<p>On this position you will be responsible for assembly works on steam and water boilers, heat networks and installations and boiler house auxiliary devices.<\/p>\t\t\t\t\t\t\t\t<\/div>\n\t\t\t\t<\/div>\n\t\t\t\t\t<\/div>\n\t\t<\/div>\n\t\t\t\t<div class=\"elementor-column elementor-col-50 elementor-inner-column elementor-element elementor-element-04e1b61\" data-id=\"04e1b61\" data-element_type=\"column\" data-e-type=\"column\" data-settings=\"{&quot;background_background&quot;:&quot;classic&quot;}\">\n\t\t\t<div class=\"elementor-widget-wrap\">\n\t\t\t\t\t\t\t<\/div>\n\t\t<\/div>\n\t\t\t\t\t<\/div>\n\t\t<\/section>\n\t\t\t\t<\/div>","protected":false},"excerpt":{"rendered":"<p>Stanowisko &#8211; Monter Pracuj\u0105c na tym stanowisku b\u0119dziesz odpowiedzialny za wykonywanie prac monterskich na kot\u0142ach parowych i wodnych, sieciach i instalacjach cieplnych oraz urz\u0105dzeniach pomocniczych kot\u0142owni.<\/p>","protected":false},"author":1,"featured_media":0,"parent":0,"menu_order":0,"comment_status":"closed","ping_status":"closed","template":"","meta":{"footnotes":""},"class_list":["post-19","page","type-page","status-publish","hentry","entry"],"_links":{"self":[{"href":"https:\/\/energorem.net\/en\/wp-json\/wp\/v2\/pages\/19","targetHints":{"allow":["GET"]}}],"collection":[{"href":"https:\/\/energorem.net\/en\/wp-json\/wp\/v2\/pages"}],"about":[{"href":"https:\/\/energorem.net\/en\/wp-json\/wp\/v2\/types\/page"}],"author":[{"embeddable":true,"href":"https:\/\/energorem.net\/en\/wp-json\/wp\/v2\/users\/1"}],"replies":[{"embeddable":true,"href":"https:\/\/energorem.net\/en\/wp-json\/wp\/v2\/comments?post=19"}],"version-history":[{"count":19,"href":"https:\/\/energorem.net\/en\/wp-json\/wp\/v2\/pages\/19\/revisions"}],"predecessor-version":[{"id":413,"href":"https:\/\/energorem.net\/en\/wp-json\/wp\/v2\/pages\/19\/revisions\/413"}],"wp:attachment":[{"href":"https:\/\/energorem.net\/en\/wp-json\/wp\/v2\/media?parent=19"}],"curies":[{"name":"wp","href":"https:\/\/api.w.org\/{rel}","templated":true}]}}