{"id":17,"date":"2021-02-23T11:18:16","date_gmt":"2021-02-23T11:18:16","guid":{"rendered":"https:\/\/energorem.net\/?page_id=17"},"modified":"2024-12-13T11:12:27","modified_gmt":"2024-12-13T11:12:27","slug":"uprawnienia-i-technologia","status":"publish","type":"page","link":"https:\/\/energorem.net\/en\/uprawnienia-i-technologia\/","title":{"rendered":"Qualifications and technology"},"content":{"rendered":"<div data-elementor-type=\"wp-page\" data-elementor-id=\"17\" class=\"elementor elementor-17\">\n\t\t\t\t\t\t<section class=\"elementor-section elementor-top-section elementor-element elementor-element-64ec13d9 elementor-section-boxed elementor-section-height-default elementor-section-height-default\" data-id=\"64ec13d9\" data-element_type=\"section\" data-e-type=\"section\" data-settings=\"{&quot;background_background&quot;:&quot;classic&quot;}\">\n\t\t\t\t\t\t<div class=\"elementor-container elementor-column-gap-default\">\n\t\t\t\t\t<div class=\"elementor-column elementor-col-100 elementor-top-column elementor-element elementor-element-48253718\" data-id=\"48253718\" data-element_type=\"column\" data-e-type=\"column\">\n\t\t\t<div class=\"elementor-widget-wrap elementor-element-populated\">\n\t\t\t\t\t\t<div class=\"elementor-element elementor-element-328eda06 elementor-widget elementor-widget-spacer\" data-id=\"328eda06\" data-element_type=\"widget\" data-e-type=\"widget\" data-widget_type=\"spacer.default\">\n\t\t\t\t<div class=\"elementor-widget-container\">\n\t\t\t\t\t\t\t<div class=\"elementor-spacer\">\n\t\t\t<div class=\"elementor-spacer-inner\"><\/div>\n\t\t<\/div>\n\t\t\t\t\t\t<\/div>\n\t\t\t\t<\/div>\n\t\t\t\t\t<\/div>\n\t\t<\/div>\n\t\t\t\t\t<\/div>\n\t\t<\/section>\n\t\t\t\t<section class=\"elementor-section elementor-top-section elementor-element elementor-element-552a75fb elementor-section-boxed elementor-section-height-default elementor-section-height-default\" data-id=\"552a75fb\" data-element_type=\"section\" data-e-type=\"section\">\n\t\t\t\t\t\t<div class=\"elementor-container elementor-column-gap-default\">\n\t\t\t\t\t<div class=\"elementor-column elementor-col-100 elementor-top-column elementor-element elementor-element-5bf6f254\" data-id=\"5bf6f254\" data-element_type=\"column\" data-e-type=\"column\" data-settings=\"{&quot;background_background&quot;:&quot;classic&quot;}\">\n\t\t\t<div class=\"elementor-widget-wrap elementor-element-populated\">\n\t\t\t\t\t\t<div class=\"elementor-element elementor-element-442c4d43 elementor-widget elementor-widget-heading\" data-id=\"442c4d43\" data-element_type=\"widget\" data-e-type=\"widget\" data-widget_type=\"heading.default\">\n\t\t\t\t<div class=\"elementor-widget-container\">\n\t\t\t\t\t<h2 class=\"elementor-heading-title elementor-size-default\">ENERGOREM has a highly-qualified team with professional experience in numerous industrial sectors, such as:<\/h2>\t\t\t\t<\/div>\n\t\t\t\t<\/div>\n\t\t\t\t<div class=\"elementor-element elementor-element-7c0fc6dc elementor-widget elementor-widget-text-editor\" data-id=\"7c0fc6dc\" data-element_type=\"widget\" data-e-type=\"widget\" data-widget_type=\"text-editor.default\">\n\t\t\t\t<div class=\"elementor-widget-container\">\n\t\t\t\t\t\t\t\t\t<ul><li>energy<\/li><li>petroleum, oil, gas<\/li><li>technological and transmission pipelines and all kinds of pipe installations<\/li><li>steel structures<\/li><\/ul><p><strong>ENERGOREM also holds numerous qualifications making it possible to complete repair and modernisation works as well as produce pressure devices in the scope of assembly for devices under the supervision of the Office of Technical Inspection, such as:<\/strong><\/p><ul><li>Steam boilers<\/li><li>Water boilers<\/li><li>Fixed pressure tanks<\/li><li>No pressure tanks and low-pressure tanks for toxic or corrosive materials<\/li><li>No pressure tanks and low-pressure tanks for flammable liquids<\/li><li>Steam pipelines connecting the boiler and turbine generator<\/li><li>Transmission pipelines for flammable materials<\/li><li>Technological pipelines for flammable materials<\/li><li>Transmission pipelines for toxic or corrosive materials<\/li><li>Technological pipelines for toxic or corrosive materials<\/li><li>Fixed tanks intended specifically for transmission pipelines<\/li><\/ul><p>ENERGOREM also has a vast experience in the scope of prefabrication and assembly of pressure devices and installations in accordance with European Parliament Directive 2014\/68\/EU (PED).<\/p>\t\t\t\t\t\t\t\t<\/div>\n\t\t\t\t<\/div>\n\t\t\t\t<div class=\"elementor-element elementor-element-c14f9b4 elementor-widget elementor-widget-heading\" data-id=\"c14f9b4\" data-element_type=\"widget\" data-e-type=\"widget\" data-widget_type=\"heading.default\">\n\t\t\t\t<div class=\"elementor-widget-container\">\n\t\t\t\t\t<h2 class=\"elementor-heading-title elementor-size-default\">Certificates:<\/h2>\t\t\t\t<\/div>\n\t\t\t\t<\/div>\n\t\t\t\t<div class=\"elementor-element elementor-element-13a3ad1 elementor-icon-list--layout-traditional elementor-list-item-link-full_width elementor-widget elementor-widget-icon-list\" data-id=\"13a3ad1\" data-element_type=\"widget\" data-e-type=\"widget\" data-widget_type=\"icon-list.default\">\n\t\t\t\t<div class=\"elementor-widget-container\">\n\t\t\t\t\t\t\t<ul class=\"elementor-icon-list-items\">\n\t\t\t\t\t\t\t<li class=\"elementor-icon-list-item\">\n\t\t\t\t\t\t\t\t\t\t\t<a href=\"https:\/\/energorem.net\/wp-content\/uploads\/2021\/02\/certyfikat-naprawy-UC.pdf\" target=\"_blank\">\n\n\t\t\t\t\t\t\t\t\t\t\t\t<span class=\"elementor-icon-list-icon\">\n\t\t\t\t\t\t\t<i aria-hidden=\"true\" class=\"fas fa-download\"><\/i>\t\t\t\t\t\t<\/span>\n\t\t\t\t\t\t\t\t\t\t<span class=\"elementor-icon-list-text\">UC Repair Certificate<\/span>\n\t\t\t\t\t\t\t\t\t\t\t<\/a>\n\t\t\t\t\t\t\t\t\t<\/li>\n\t\t\t\t\t\t\t\t<li class=\"elementor-icon-list-item\">\n\t\t\t\t\t\t\t\t\t\t\t<a href=\"https:\/\/energorem.net\/wp-content\/uploads\/2021\/02\/certyfikat-wytwarzanie-w-zakresie-montazu-UC.pdf\" target=\"_blank\">\n\n\t\t\t\t\t\t\t\t\t\t\t\t<span class=\"elementor-icon-list-icon\">\n\t\t\t\t\t\t\t<i aria-hidden=\"true\" class=\"fas fa-download\"><\/i>\t\t\t\t\t\t<\/span>\n\t\t\t\t\t\t\t\t\t\t<span class=\"elementor-icon-list-text\">Manufacturing in the Scope of Assembly Certificate<\/span>\n\t\t\t\t\t\t\t\t\t\t\t<\/a>\n\t\t\t\t\t\t\t\t\t<\/li>\n\t\t\t\t\t\t\t\t<li class=\"elementor-icon-list-item\">\n\t\t\t\t\t\t\t\t\t\t\t<a href=\"https:\/\/energorem.net\/wp-content\/uploads\/2021\/02\/certyfikat-modernizacja-UC.pdf\" target=\"_blank\">\n\n\t\t\t\t\t\t\t\t\t\t\t\t<span class=\"elementor-icon-list-icon\">\n\t\t\t\t\t\t\t<i aria-hidden=\"true\" class=\"fas fa-download\"><\/i>\t\t\t\t\t\t<\/span>\n\t\t\t\t\t\t\t\t\t\t<span class=\"elementor-icon-list-text\">UC Modernisation Certificate<\/span>\n\t\t\t\t\t\t\t\t\t\t\t<\/a>\n\t\t\t\t\t\t\t\t\t<\/li>\n\t\t\t\t\t\t<\/ul>\n\t\t\t\t\t\t<\/div>\n\t\t\t\t<\/div>\n\t\t\t\t\t<\/div>\n\t\t<\/div>\n\t\t\t\t\t<\/div>\n\t\t<\/section>\n\t\t\t\t<\/div>","protected":false},"excerpt":{"rendered":"<p>Firma ENERGOREM dysponuje wysoce wykwalifikowany zespo\u0142em, kt\u00f3ry posiada do\u015bwiadczenie zawodowe w szeroko rozumianych bran\u017cach przemys\u0142owych jak: energetyka, ropa, nafta, gaz; ruroci\u0105gi technologiczne, przesy\u0142owe i wszelkiego rodzaju instalacje rurowe; konstrukcje stalowe. Firma ENERGOREM posiada r\u00f3wnie\u017c szereg uprawnie\u0144 pozwalaj\u0105cych wykonywa\u0107 prace naprawcze, modernizacyjne i wytwarza\u0107 urz\u0105dzenia ci\u015bnieniowe w zakresie monta\u017cu dla urz\u0105dze\u0144 podleg\u0142ych UDT jak: Kot\u0142\u00f3w parowych [&hellip;]<\/p>","protected":false},"author":1,"featured_media":0,"parent":0,"menu_order":0,"comment_status":"closed","ping_status":"closed","template":"","meta":{"footnotes":""},"class_list":["post-17","page","type-page","status-publish","hentry","entry"],"_links":{"self":[{"href":"https:\/\/energorem.net\/en\/wp-json\/wp\/v2\/pages\/17","targetHints":{"allow":["GET"]}}],"collection":[{"href":"https:\/\/energorem.net\/en\/wp-json\/wp\/v2\/pages"}],"about":[{"href":"https:\/\/energorem.net\/en\/wp-json\/wp\/v2\/types\/page"}],"author":[{"embeddable":true,"href":"https:\/\/energorem.net\/en\/wp-json\/wp\/v2\/users\/1"}],"replies":[{"embeddable":true,"href":"https:\/\/energorem.net\/en\/wp-json\/wp\/v2\/comments?post=17"}],"version-history":[{"count":7,"href":"https:\/\/energorem.net\/en\/wp-json\/wp\/v2\/pages\/17\/revisions"}],"predecessor-version":[{"id":425,"href":"https:\/\/energorem.net\/en\/wp-json\/wp\/v2\/pages\/17\/revisions\/425"}],"wp:attachment":[{"href":"https:\/\/energorem.net\/en\/wp-json\/wp\/v2\/media?parent=17"}],"curies":[{"name":"wp","href":"https:\/\/api.w.org\/{rel}","templated":true}]}}