{"id":15,"date":"2021-02-23T11:18:07","date_gmt":"2021-02-23T11:18:07","guid":{"rendered":"https:\/\/energorem.net\/?page_id=15"},"modified":"2025-02-24T10:46:58","modified_gmt":"2025-02-24T10:46:58","slug":"realizacje","status":"publish","type":"page","link":"https:\/\/energorem.net\/en\/realizacje\/","title":{"rendered":"Our projects"},"content":{"rendered":"<div data-elementor-type=\"wp-page\" data-elementor-id=\"15\" class=\"elementor elementor-15\">\n\t\t\t\t\t\t<section class=\"elementor-section elementor-top-section elementor-element elementor-element-dc86d14 elementor-section-boxed elementor-section-height-default elementor-section-height-default\" data-id=\"dc86d14\" data-element_type=\"section\" data-e-type=\"section\" data-settings=\"{&quot;background_background&quot;:&quot;classic&quot;}\">\n\t\t\t\t\t\t<div class=\"elementor-container elementor-column-gap-default\">\n\t\t\t\t\t<div class=\"elementor-column elementor-col-100 elementor-top-column elementor-element elementor-element-53d3599\" data-id=\"53d3599\" data-element_type=\"column\" data-e-type=\"column\">\n\t\t\t<div class=\"elementor-widget-wrap elementor-element-populated\">\n\t\t\t\t\t\t<div class=\"elementor-element elementor-element-9ce3370 elementor-widget elementor-widget-spacer\" data-id=\"9ce3370\" data-element_type=\"widget\" data-e-type=\"widget\" data-widget_type=\"spacer.default\">\n\t\t\t\t<div class=\"elementor-widget-container\">\n\t\t\t\t\t\t\t<div class=\"elementor-spacer\">\n\t\t\t<div class=\"elementor-spacer-inner\"><\/div>\n\t\t<\/div>\n\t\t\t\t\t\t<\/div>\n\t\t\t\t<\/div>\n\t\t\t\t\t<\/div>\n\t\t<\/div>\n\t\t\t\t\t<\/div>\n\t\t<\/section>\n\t\t\t\t<section class=\"elementor-section elementor-top-section elementor-element elementor-element-d8aaa98 elementor-section-boxed elementor-section-height-default elementor-section-height-default\" data-id=\"d8aaa98\" data-element_type=\"section\" data-e-type=\"section\">\n\t\t\t\t\t\t<div class=\"elementor-container elementor-column-gap-default\">\n\t\t\t\t\t<div class=\"elementor-column elementor-col-50 elementor-top-column elementor-element elementor-element-bb1333f\" data-id=\"bb1333f\" data-element_type=\"column\" data-e-type=\"column\" data-settings=\"{&quot;background_background&quot;:&quot;classic&quot;}\">\n\t\t\t<div class=\"elementor-widget-wrap elementor-element-populated\">\n\t\t\t\t\t\t<div class=\"elementor-element elementor-element-9b88fc1 elementor-widget elementor-widget-heading\" data-id=\"9b88fc1\" data-element_type=\"widget\" data-e-type=\"widget\" data-widget_type=\"heading.default\">\n\t\t\t\t<div class=\"elementor-widget-container\">\n\t\t\t\t\t<h2 class=\"elementor-heading-title elementor-size-default\">Realizacje krajowe: <\/h2>\t\t\t\t<\/div>\n\t\t\t\t<\/div>\n\t\t\t\t<div class=\"elementor-element elementor-element-8d4c9b0 elementor-widget elementor-widget-text-editor\" data-id=\"8d4c9b0\" data-element_type=\"widget\" data-e-type=\"widget\" data-widget_type=\"text-editor.default\">\n\t\t\t\t<div class=\"elementor-widget-container\">\n\t\t\t\t\t\t\t\t\t<p><img decoding=\"async\" class=\"alignnone size-full wp-image-154\" src=\"https:\/\/energorem.net\/wp-content\/uploads\/2021\/02\/poland.png\" alt=\"\" width=\"32\" height=\"32\" \/><\/p><ul><li>Ad hoc and emergency repairs of water and steam pressure boiler parts, high and low voltage devices and networks and accompanying devices<\/li><li>Ad hoc and emergency repairs of steam boilers (pressure part) with pressure installation<\/li><li>Modernisation\/renovation of K1 boiler in Jaworzno III Power Plant<\/li><li>Prefabrication, delivery and assembly of boiler installations, flue ducts, modernisation of second-level gas station, prefabrication and development of new first-level gas station and modernisation of transformer rooms, switching station and boiler control room for the modernised KP6 and KP7 steam boilers in EC-3 G\u0142og\u00f3w Division<\/li><li>Development of bypass pipelines in the area of P-26 Division<\/li><li>Emergency repair of biomass boiler in Ostro\u0142\u0119ka<\/li><li>Pressure part renovation of OP 650 050 boiler and high-pressure boilers connecting the boiler with turbine for PGE GiEK S.A. Dolna Odra Power Plant \u2013 Block No. 7<\/li><li>Repair of scrubber circulation in the G\u0142og\u00f3w smelter<\/li><li>Works on rotary air heaters of the K2 boiler in power and heat plant in Wroc\u0142aw<\/li><li>Repair of rotary air heaters of the K1 boiler in power and heat plant in Wroc\u0142aw<\/li><li>Replacement of carrier and pilot bearing and removal of small defects in both above-mentioned heaters upon renovation of the KW3 boiler<\/li><li>Assembly works upon the modernisation of support structures of coaling trestles in the Wroc\u0142aw power and heat plant<\/li><li>Assembly and welding works upon renovation of K2 boiler in the Wroc\u0142aw power and heat plant<\/li><li>Replacement of regasification unit \u2013 mechanical and anticorrosive passage necessary for the technological reasons of LNG \u015awinouj\u015bcie<\/li><li>Assembly works in the scope of replacement of balancing flows in the Czechnica and Wroc\u0142aw power and heat plants<\/li><li>Welding and assembly works at the facilities of Kogeneracja in the Czechnica and Wroc\u0142aw power and heat plants<\/li><li>Replacement of steel elbows of boiler pressure part in power and heat plant in Toru\u0144<\/li><li>Emergency repair of boiler of Ostro\u0142\u0119ka Power Plant<\/li><li>Replacement of compensators in skewed duct of Solinox installation in the Legnica smelter<\/li><li>Construction of high-efficiency cogeneration system based on gas engines of electrical power at 8MW with the possibility to produce coolness with necessary infrastructure in Uje\u017adziec Ma\u0142y.<\/li><li>Completion of works at Stora ENSO Ostro\u0142\u0119ka<\/li><li>Repair of pressure part of boilers type OP 650 050 in Dolna Odra Power Plant on Block No. 5<\/li><li>Repairs of boilers type OP 650 050 in Dolna Odra Power Plant on Block No. 5<\/li><li>Reconstruction of KOX heat exchanger in PGE Gorz\u00f3w Wielkopolski<\/li><li>Prefabrication of two KT water collectors and delivery<\/li><li>Replacement of re-gasification unit \u2013 mechanical and anticorrosive works necessary for the technological reasons of LNG \u015awinouj\u015bcie<\/li><li>Completion of technological installations (including disassembly and assembly) \u2013 works inside gas boiler house within the II Stage of Investment \u2013 after development of 2 gas boilers in September 2020<\/li><li>Maintenance service and ad hoc repairs of blowers installed at IPK of P-1 Division<\/li><li>Supervision over repair works on rotary air heaters of K-6 boiler in Rybnik Power Plant<\/li><\/ul>\t\t\t\t\t\t\t\t<\/div>\n\t\t\t\t<\/div>\n\t\t\t\t\t<\/div>\n\t\t<\/div>\n\t\t\t\t<div class=\"elementor-column elementor-col-50 elementor-top-column elementor-element elementor-element-7203b62\" data-id=\"7203b62\" data-element_type=\"column\" data-e-type=\"column\" data-settings=\"{&quot;background_background&quot;:&quot;classic&quot;}\">\n\t\t\t<div class=\"elementor-widget-wrap elementor-element-populated\">\n\t\t\t\t\t\t<div class=\"elementor-element elementor-element-f5a4154 elementor-widget elementor-widget-heading\" data-id=\"f5a4154\" data-element_type=\"widget\" data-e-type=\"widget\" data-widget_type=\"heading.default\">\n\t\t\t\t<div class=\"elementor-widget-container\">\n\t\t\t\t\t<h2 class=\"elementor-heading-title elementor-size-default\">Realizacje zagraniczne: <\/h2>\t\t\t\t<\/div>\n\t\t\t\t<\/div>\n\t\t\t\t<div class=\"elementor-element elementor-element-95bf3e2 elementor-widget elementor-widget-text-editor\" data-id=\"95bf3e2\" data-element_type=\"widget\" data-e-type=\"widget\" data-widget_type=\"text-editor.default\">\n\t\t\t\t<div class=\"elementor-widget-container\">\n\t\t\t\t\t\t\t\t\t<p><img decoding=\"async\" class=\"alignnone size-full wp-image-149\" style=\"font-size: 14px; color: var( --e-global-color-text );\" src=\"https:\/\/energorem.net\/wp-content\/uploads\/2021\/02\/germany.png\" alt=\"\" width=\"32\" height=\"32\" \/><\/p><ul><li><strong><span style=\"color: #005da0;\">Disassembly of the Heat Recovery Steam Generator (Boiler) after Solar Titan gas turbine to P.P.U Energorem (contractor) in Heinsberg, Germany<\/span><\/strong><\/li><li><strong><span style=\"color: #005da0;\">Mechanical and electrical part of filter modification<\/span><\/strong><\/li><\/ul><p><img decoding=\"async\" class=\"alignnone size-full wp-image-150\" src=\"https:\/\/energorem.net\/wp-content\/uploads\/2021\/02\/sweden.png\" alt=\"\" width=\"32\" height=\"32\" \/><\/p><ul><li><strong><span style=\"color: #005da0;\">Assembly and assembly -welding works in Mondi Dynas Vaja in Sweden.<\/span><\/strong><\/li><\/ul>\t\t\t\t\t\t\t\t<\/div>\n\t\t\t\t<\/div>\n\t\t\t\t\t<\/div>\n\t\t<\/div>\n\t\t\t\t\t<\/div>\n\t\t<\/section>\n\t\t\t\t<\/div>","protected":false},"excerpt":{"rendered":"<p>Realizacje krajowe: Remonty dora\u017ane i awaryjne cz\u0119\u015bci ci\u015bnieniowych kot\u0142\u00f3w wodnych i parowych, urz\u0105dze\u0144 i sieci wysokiego i niskiego ci\u015bnienia oraz urz\u0105dze\u0144 towarzysz\u0105cych Naprawy dora\u017ane i awaryjne kot\u0142\u00f3w parowych (cz\u0119\u015b\u0107 ci\u015bnieniowa) wraz z instalacj\u0105 ci\u015bnieniow\u0105 Modernizacja\/remont kot\u0142a K1 w Elektrowni Jaworzno III Prefabrykacja, dostawa i monta\u017c instalacji przykot\u0142owych, kana\u0142\u00f3w spalinowych, modernizacji stacji gazowej drugiego stopnia, prefabrykacja [&hellip;]<\/p>","protected":false},"author":1,"featured_media":0,"parent":0,"menu_order":0,"comment_status":"closed","ping_status":"closed","template":"","meta":{"footnotes":""},"class_list":["post-15","page","type-page","status-publish","hentry","entry"],"_links":{"self":[{"href":"https:\/\/energorem.net\/en\/wp-json\/wp\/v2\/pages\/15","targetHints":{"allow":["GET"]}}],"collection":[{"href":"https:\/\/energorem.net\/en\/wp-json\/wp\/v2\/pages"}],"about":[{"href":"https:\/\/energorem.net\/en\/wp-json\/wp\/v2\/types\/page"}],"author":[{"embeddable":true,"href":"https:\/\/energorem.net\/en\/wp-json\/wp\/v2\/users\/1"}],"replies":[{"embeddable":true,"href":"https:\/\/energorem.net\/en\/wp-json\/wp\/v2\/comments?post=15"}],"version-history":[{"count":25,"href":"https:\/\/energorem.net\/en\/wp-json\/wp\/v2\/pages\/15\/revisions"}],"predecessor-version":[{"id":479,"href":"https:\/\/energorem.net\/en\/wp-json\/wp\/v2\/pages\/15\/revisions\/479"}],"wp:attachment":[{"href":"https:\/\/energorem.net\/en\/wp-json\/wp\/v2\/media?parent=15"}],"curies":[{"name":"wp","href":"https:\/\/api.w.org\/{rel}","templated":true}]}}