{"id":13,"date":"2021-02-23T11:18:00","date_gmt":"2021-02-23T11:18:00","guid":{"rendered":"https:\/\/energorem.net\/?page_id=13"},"modified":"2024-12-13T13:23:43","modified_gmt":"2024-12-13T13:23:43","slug":"nasz-zespol","status":"publish","type":"page","link":"https:\/\/energorem.net\/en\/nasz-zespol\/","title":{"rendered":"Our team"},"content":{"rendered":"<div data-elementor-type=\"wp-page\" data-elementor-id=\"13\" class=\"elementor elementor-13\">\n\t\t\t\t\t\t<section class=\"elementor-section elementor-top-section elementor-element elementor-element-e350578 elementor-section-boxed elementor-section-height-default elementor-section-height-default\" data-id=\"e350578\" data-element_type=\"section\" data-e-type=\"section\">\n\t\t\t\t\t\t<div class=\"elementor-container elementor-column-gap-default\">\n\t\t\t\t\t<div class=\"elementor-column elementor-col-100 elementor-top-column elementor-element elementor-element-fe9b6f7\" data-id=\"fe9b6f7\" data-element_type=\"column\" data-e-type=\"column\">\n\t\t\t<div class=\"elementor-widget-wrap elementor-element-populated\">\n\t\t\t\t\t\t<div class=\"elementor-element elementor-element-e99d3de elementor-widget elementor-widget-text-editor\" data-id=\"e99d3de\" data-element_type=\"widget\" data-e-type=\"widget\" data-widget_type=\"text-editor.default\">\n\t\t\t\t<div class=\"elementor-widget-container\">\n\t\t\t\t\t\t\t\t\t<h4><b>Wszystkie zadania realizujemy dzi\u0119ki ambitnym wsp\u00f3\u0142pracownikom, dzia\u0142aj\u0105cym na miejscu inwestycji, <br \/>jak r\u00f3wnie\u017c\u00a0<\/b><b style=\"font-size: 17px;\">zespo\u0142owi administracyjnemu, kt\u00f3ry planuje, organizuje i monitoruje post\u0119p prac. <br \/>Jako zesp\u00f3\u0142 ENERGOREM wsp\u00f3lnie czuwamy nad jako\u015bci\u0105 realizowanych projekt\u00f3w.<\/b><\/h4>\t\t\t\t\t\t\t\t<\/div>\n\t\t\t\t<\/div>\n\t\t\t\t\t<\/div>\n\t\t<\/div>\n\t\t\t\t\t<\/div>\n\t\t<\/section>\n\t\t\t\t<section class=\"elementor-section elementor-top-section elementor-element elementor-element-1dd0424 elementor-section-boxed elementor-section-height-default elementor-section-height-default\" data-id=\"1dd0424\" data-element_type=\"section\" data-e-type=\"section\" data-settings=\"{&quot;background_background&quot;:&quot;classic&quot;}\">\n\t\t\t\t\t\t<div class=\"elementor-container elementor-column-gap-default\">\n\t\t\t\t\t<div class=\"elementor-column elementor-col-100 elementor-top-column elementor-element elementor-element-03c5ecb\" data-id=\"03c5ecb\" data-element_type=\"column\" data-e-type=\"column\" data-settings=\"{&quot;background_background&quot;:&quot;gradient&quot;}\">\n\t\t\t<div class=\"elementor-widget-wrap elementor-element-populated\">\n\t\t\t\t\t\t<div class=\"elementor-element elementor-element-095b688 elementor-widget elementor-widget-image\" data-id=\"095b688\" data-element_type=\"widget\" data-e-type=\"widget\" data-widget_type=\"image.default\">\n\t\t\t\t<div class=\"elementor-widget-container\">\n\t\t\t\t\t\t\t\t\t\t\t\t\t\t\t<img decoding=\"async\" src=\"https:\/\/energorem.net\/wp-content\/uploads\/elementor\/thumbs\/1000_F_104101070_wbEDt3CmlzqnPbdmOlVCL7Q7yu9mCduz-pzrvsy4m15vlvk22we8mjbk6hbkaw0xo5cqdtz27bc.jpg\" title=\"1000_F_104101070_wbEDt3CmlzqnPbdmOlVCL7Q7yu9mCduz\" alt=\"1000_F_104101070_wbEDt3CmlzqnPbdmOlVCL7Q7yu9mCduz\" loading=\"lazy\" \/>\t\t\t\t\t\t\t\t\t\t\t\t\t\t\t<\/div>\n\t\t\t\t<\/div>\n\t\t\t\t<div class=\"elementor-element elementor-element-aedeef0 elementor-widget elementor-widget-heading\" data-id=\"aedeef0\" data-element_type=\"widget\" data-e-type=\"widget\" data-widget_type=\"heading.default\">\n\t\t\t\t<div class=\"elementor-widget-container\">\n\t\t\t\t\t<h2 class=\"elementor-heading-title elementor-size-large\">Krzysztof Dreko <\/h2>\t\t\t\t<\/div>\n\t\t\t\t<\/div>\n\t\t\t\t<div class=\"elementor-element elementor-element-2eb38dd elementor-widget elementor-widget-text-editor\" data-id=\"2eb38dd\" data-element_type=\"widget\" data-e-type=\"widget\" data-widget_type=\"text-editor.default\">\n\t\t\t\t<div class=\"elementor-widget-container\">\n\t\t\t\t\t\t\t\t\t<p>Chief Executive Officer<\/p>\t\t\t\t\t\t\t\t<\/div>\n\t\t\t\t<\/div>\n\t\t\t\t\t<\/div>\n\t\t<\/div>\n\t\t\t\t\t<\/div>\n\t\t<\/section>\n\t\t\t\t<section class=\"elementor-section elementor-top-section elementor-element elementor-element-b3a0534 elementor-section-boxed elementor-section-height-default elementor-section-height-default\" data-id=\"b3a0534\" data-element_type=\"section\" data-e-type=\"section\">\n\t\t\t\t\t\t<div class=\"elementor-container elementor-column-gap-no\">\n\t\t\t\t\t<div class=\"elementor-column elementor-col-50 elementor-top-column elementor-element elementor-element-6b418c8\" data-id=\"6b418c8\" data-element_type=\"column\" data-e-type=\"column\">\n\t\t\t<div class=\"elementor-widget-wrap elementor-element-populated\">\n\t\t\t\t\t\t<div class=\"elementor-element elementor-element-dcd6236 elementor-widget elementor-widget-image\" data-id=\"dcd6236\" data-element_type=\"widget\" data-e-type=\"widget\" data-widget_type=\"image.default\">\n\t\t\t\t<div class=\"elementor-widget-container\">\n\t\t\t\t\t\t\t\t\t\t\t\t\t\t\t<img fetchpriority=\"high\" decoding=\"async\" width=\"768\" height=\"768\" src=\"https:\/\/energorem.net\/wp-content\/uploads\/2021\/07\/pawel1_www-768x768.jpg\" class=\"attachment-medium_large size-medium_large wp-image-316\" alt=\"\" srcset=\"https:\/\/energorem.net\/wp-content\/uploads\/2021\/07\/pawel1_www-768x768.jpg 768w, https:\/\/energorem.net\/wp-content\/uploads\/2021\/07\/pawel1_www-300x300.jpg 300w, https:\/\/energorem.net\/wp-content\/uploads\/2021\/07\/pawel1_www-1024x1024.jpg 1024w, https:\/\/energorem.net\/wp-content\/uploads\/2021\/07\/pawel1_www-150x150.jpg 150w, https:\/\/energorem.net\/wp-content\/uploads\/2021\/07\/pawel1_www-12x12.jpg 12w, https:\/\/energorem.net\/wp-content\/uploads\/2021\/07\/pawel1_www.jpg 1275w\" sizes=\"(max-width: 768px) 100vw, 768px\" \/>\t\t\t\t\t\t\t\t\t\t\t\t\t\t\t<\/div>\n\t\t\t\t<\/div>\n\t\t\t\t<div class=\"elementor-element elementor-element-488aa9f elementor-widget elementor-widget-heading\" data-id=\"488aa9f\" data-element_type=\"widget\" data-e-type=\"widget\" data-widget_type=\"heading.default\">\n\t\t\t\t<div class=\"elementor-widget-container\">\n\t\t\t\t\t<h2 class=\"elementor-heading-title elementor-size-default\">Pawe\u0142 M\u0105dry<\/h2>\t\t\t\t<\/div>\n\t\t\t\t<\/div>\n\t\t\t\t<div class=\"elementor-element elementor-element-947d600 elementor-widget elementor-widget-text-editor\" data-id=\"947d600\" data-element_type=\"widget\" data-e-type=\"widget\" data-widget_type=\"text-editor.default\">\n\t\t\t\t<div class=\"elementor-widget-container\">\n\t\t\t\t\t\t\t\t\t<p>Dyrektor Techniczny<\/p>\t\t\t\t\t\t\t\t<\/div>\n\t\t\t\t<\/div>\n\t\t\t\t<div class=\"elementor-element elementor-element-b88ddec elementor-align-center elementor-icon-list--layout-traditional elementor-list-item-link-full_width elementor-widget elementor-widget-icon-list\" data-id=\"b88ddec\" data-element_type=\"widget\" data-e-type=\"widget\" data-widget_type=\"icon-list.default\">\n\t\t\t\t<div class=\"elementor-widget-container\">\n\t\t\t\t\t\t\t<ul class=\"elementor-icon-list-items\">\n\t\t\t\t\t\t\t<li class=\"elementor-icon-list-item\">\n\t\t\t\t\t\t\t\t\t\t\t<span class=\"elementor-icon-list-icon\">\n\t\t\t\t\t\t\t<i aria-hidden=\"true\" class=\"fas fa-envelope\"><\/i>\t\t\t\t\t\t<\/span>\n\t\t\t\t\t\t\t\t\t\t<span class=\"elementor-icon-list-text\">pawel.madry@energorem.net<\/span>\n\t\t\t\t\t\t\t\t\t<\/li>\n\t\t\t\t\t\t<\/ul>\n\t\t\t\t\t\t<\/div>\n\t\t\t\t<\/div>\n\t\t\t\t\t<\/div>\n\t\t<\/div>\n\t\t\t\t<div class=\"elementor-column elementor-col-50 elementor-top-column elementor-element elementor-element-7af5f30\" data-id=\"7af5f30\" data-element_type=\"column\" data-e-type=\"column\">\n\t\t\t<div class=\"elementor-widget-wrap elementor-element-populated\">\n\t\t\t\t\t\t<div class=\"elementor-element elementor-element-036cb81 elementor-widget elementor-widget-image\" data-id=\"036cb81\" data-element_type=\"widget\" data-e-type=\"widget\" data-widget_type=\"image.default\">\n\t\t\t\t<div class=\"elementor-widget-container\">\n\t\t\t\t\t\t\t\t\t\t\t\t\t\t\t<img decoding=\"async\" width=\"768\" height=\"768\" src=\"https:\/\/energorem.net\/wp-content\/uploads\/2024\/12\/1-768x768.jpg\" class=\"attachment-medium_large size-medium_large wp-image-435\" alt=\"\" srcset=\"https:\/\/energorem.net\/wp-content\/uploads\/2024\/12\/1-768x768.jpg 768w, https:\/\/energorem.net\/wp-content\/uploads\/2024\/12\/1-300x300.jpg 300w, https:\/\/energorem.net\/wp-content\/uploads\/2024\/12\/1-150x150.jpg 150w, https:\/\/energorem.net\/wp-content\/uploads\/2024\/12\/1-12x12.jpg 12w, https:\/\/energorem.net\/wp-content\/uploads\/2024\/12\/1-600x600.jpg 600w, https:\/\/energorem.net\/wp-content\/uploads\/2024\/12\/1.jpg 1024w\" sizes=\"(max-width: 768px) 100vw, 768px\" \/>\t\t\t\t\t\t\t\t\t\t\t\t\t\t\t<\/div>\n\t\t\t\t<\/div>\n\t\t\t\t<div class=\"elementor-element elementor-element-4f86fca elementor-widget elementor-widget-heading\" data-id=\"4f86fca\" data-element_type=\"widget\" data-e-type=\"widget\" data-widget_type=\"heading.default\">\n\t\t\t\t<div class=\"elementor-widget-container\">\n\t\t\t\t\t<h2 class=\"elementor-heading-title elementor-size-default\">Jagoda Mr\u00f3zek<\/h2>\t\t\t\t<\/div>\n\t\t\t\t<\/div>\n\t\t\t\t<div class=\"elementor-element elementor-element-090dbc4 elementor-widget elementor-widget-text-editor\" data-id=\"090dbc4\" data-element_type=\"widget\" data-e-type=\"widget\" data-widget_type=\"text-editor.default\">\n\t\t\t\t<div class=\"elementor-widget-container\">\n\t\t\t\t\t\t\t\t\t<p>Kierownik Biura Sp\u00f3\u0142ki<\/p>\t\t\t\t\t\t\t\t<\/div>\n\t\t\t\t<\/div>\n\t\t\t\t<div class=\"elementor-element elementor-element-a98f29d elementor-align-center elementor-icon-list--layout-traditional elementor-list-item-link-full_width elementor-widget elementor-widget-icon-list\" data-id=\"a98f29d\" data-element_type=\"widget\" data-e-type=\"widget\" data-widget_type=\"icon-list.default\">\n\t\t\t\t<div class=\"elementor-widget-container\">\n\t\t\t\t\t\t\t<ul class=\"elementor-icon-list-items\">\n\t\t\t\t\t\t\t<li class=\"elementor-icon-list-item\">\n\t\t\t\t\t\t\t\t\t\t\t<span class=\"elementor-icon-list-icon\">\n\t\t\t\t\t\t\t<i aria-hidden=\"true\" class=\"fas fa-envelope\"><\/i>\t\t\t\t\t\t<\/span>\n\t\t\t\t\t\t\t\t\t\t<span class=\"elementor-icon-list-text\">jagoda.mrozek@energorem.net<\/span>\n\t\t\t\t\t\t\t\t\t<\/li>\n\t\t\t\t\t\t<\/ul>\n\t\t\t\t\t\t<\/div>\n\t\t\t\t<\/div>\n\t\t\t\t\t<\/div>\n\t\t<\/div>\n\t\t\t\t\t<\/div>\n\t\t<\/section>\n\t\t\t\t<section class=\"elementor-section elementor-top-section elementor-element elementor-element-65980ae elementor-section-boxed elementor-section-height-default elementor-section-height-default\" data-id=\"65980ae\" data-element_type=\"section\" data-e-type=\"section\">\n\t\t\t\t\t\t<div class=\"elementor-container elementor-column-gap-no\">\n\t\t\t\t\t<div class=\"elementor-column elementor-col-50 elementor-top-column elementor-element elementor-element-179f24c\" data-id=\"179f24c\" data-element_type=\"column\" data-e-type=\"column\">\n\t\t\t<div class=\"elementor-widget-wrap elementor-element-populated\">\n\t\t\t\t\t\t<div class=\"elementor-element elementor-element-6e074bf elementor-widget elementor-widget-image\" data-id=\"6e074bf\" data-element_type=\"widget\" data-e-type=\"widget\" data-widget_type=\"image.default\">\n\t\t\t\t<div class=\"elementor-widget-container\">\n\t\t\t\t\t\t\t\t\t\t\t\t\t\t\t<img decoding=\"async\" width=\"768\" height=\"768\" src=\"https:\/\/energorem.net\/wp-content\/uploads\/2021\/05\/DSC_0113-768x768.jpg\" class=\"attachment-medium_large size-medium_large wp-image-294\" alt=\"\" srcset=\"https:\/\/energorem.net\/wp-content\/uploads\/2021\/05\/DSC_0113-768x768.jpg 768w, https:\/\/energorem.net\/wp-content\/uploads\/2021\/05\/DSC_0113-300x300.jpg 300w, https:\/\/energorem.net\/wp-content\/uploads\/2021\/05\/DSC_0113-1024x1024.jpg 1024w, https:\/\/energorem.net\/wp-content\/uploads\/2021\/05\/DSC_0113-150x150.jpg 150w, https:\/\/energorem.net\/wp-content\/uploads\/2021\/05\/DSC_0113-1536x1536.jpg 1536w, https:\/\/energorem.net\/wp-content\/uploads\/2021\/05\/DSC_0113-2048x2048.jpg 2048w, https:\/\/energorem.net\/wp-content\/uploads\/2021\/05\/DSC_0113-12x12.jpg 12w\" sizes=\"(max-width: 768px) 100vw, 768px\" \/>\t\t\t\t\t\t\t\t\t\t\t\t\t\t\t<\/div>\n\t\t\t\t<\/div>\n\t\t\t\t<div class=\"elementor-element elementor-element-03476f3 elementor-widget elementor-widget-heading\" data-id=\"03476f3\" data-element_type=\"widget\" data-e-type=\"widget\" data-widget_type=\"heading.default\">\n\t\t\t\t<div class=\"elementor-widget-container\">\n\t\t\t\t\t<h2 class=\"elementor-heading-title elementor-size-default\">Dawid R\u0119bielewski<\/h2>\t\t\t\t<\/div>\n\t\t\t\t<\/div>\n\t\t\t\t<div class=\"elementor-element elementor-element-5c58321 elementor-widget elementor-widget-text-editor\" data-id=\"5c58321\" data-element_type=\"widget\" data-e-type=\"widget\" data-widget_type=\"text-editor.default\">\n\t\t\t\t<div class=\"elementor-widget-container\">\n\t\t\t\t\t\t\t\t\t<p>Project Manager<\/p>\t\t\t\t\t\t\t\t<\/div>\n\t\t\t\t<\/div>\n\t\t\t\t<div class=\"elementor-element elementor-element-8d87270 elementor-align-center elementor-icon-list--layout-traditional elementor-list-item-link-full_width elementor-widget elementor-widget-icon-list\" data-id=\"8d87270\" data-element_type=\"widget\" data-e-type=\"widget\" data-widget_type=\"icon-list.default\">\n\t\t\t\t<div class=\"elementor-widget-container\">\n\t\t\t\t\t\t\t<ul class=\"elementor-icon-list-items\">\n\t\t\t\t\t\t\t<li class=\"elementor-icon-list-item\">\n\t\t\t\t\t\t\t\t\t\t\t<span class=\"elementor-icon-list-icon\">\n\t\t\t\t\t\t\t<i aria-hidden=\"true\" class=\"fas fa-envelope\"><\/i>\t\t\t\t\t\t<\/span>\n\t\t\t\t\t\t\t\t\t\t<span class=\"elementor-icon-list-text\">dawid.rebielewski@energorem.net<\/span>\n\t\t\t\t\t\t\t\t\t<\/li>\n\t\t\t\t\t\t<\/ul>\n\t\t\t\t\t\t<\/div>\n\t\t\t\t<\/div>\n\t\t\t\t\t<\/div>\n\t\t<\/div>\n\t\t\t\t<div class=\"elementor-column elementor-col-50 elementor-top-column elementor-element elementor-element-d86de90\" data-id=\"d86de90\" data-element_type=\"column\" data-e-type=\"column\">\n\t\t\t<div class=\"elementor-widget-wrap elementor-element-populated\">\n\t\t\t\t\t\t<div class=\"elementor-element elementor-element-770a14f elementor-widget elementor-widget-image\" data-id=\"770a14f\" data-element_type=\"widget\" data-e-type=\"widget\" data-widget_type=\"image.default\">\n\t\t\t\t<div class=\"elementor-widget-container\">\n\t\t\t\t\t\t\t\t\t\t\t\t\t\t\t<img loading=\"lazy\" decoding=\"async\" width=\"768\" height=\"768\" src=\"https:\/\/energorem.net\/wp-content\/uploads\/2022\/12\/1000_F_104101070_wbEDt3CmlzqnPbdmOlVCL7Q7yu9mCduz-768x768.jpg\" class=\"attachment-medium_large size-medium_large wp-image-348\" alt=\"\" srcset=\"https:\/\/energorem.net\/wp-content\/uploads\/2022\/12\/1000_F_104101070_wbEDt3CmlzqnPbdmOlVCL7Q7yu9mCduz-768x768.jpg 768w, https:\/\/energorem.net\/wp-content\/uploads\/2022\/12\/1000_F_104101070_wbEDt3CmlzqnPbdmOlVCL7Q7yu9mCduz-300x300.jpg 300w, https:\/\/energorem.net\/wp-content\/uploads\/2022\/12\/1000_F_104101070_wbEDt3CmlzqnPbdmOlVCL7Q7yu9mCduz-150x150.jpg 150w, https:\/\/energorem.net\/wp-content\/uploads\/2022\/12\/1000_F_104101070_wbEDt3CmlzqnPbdmOlVCL7Q7yu9mCduz-12x12.jpg 12w, https:\/\/energorem.net\/wp-content\/uploads\/2022\/12\/1000_F_104101070_wbEDt3CmlzqnPbdmOlVCL7Q7yu9mCduz-600x600.jpg 600w, https:\/\/energorem.net\/wp-content\/uploads\/2022\/12\/elementor\/thumbs\/1000_F_104101070_wbEDt3CmlzqnPbdmOlVCL7Q7yu9mCduz-pzrvsy4m15vlvk22we8mjbk6hbkaw0xo5cqdtz27bc.jpg 500w, https:\/\/energorem.net\/wp-content\/uploads\/2022\/12\/1000_F_104101070_wbEDt3CmlzqnPbdmOlVCL7Q7yu9mCduz.jpg 1000w\" sizes=\"(max-width: 768px) 100vw, 768px\" \/>\t\t\t\t\t\t\t\t\t\t\t\t\t\t\t<\/div>\n\t\t\t\t<\/div>\n\t\t\t\t<div class=\"elementor-element elementor-element-7b84103 elementor-widget elementor-widget-heading\" data-id=\"7b84103\" data-element_type=\"widget\" data-e-type=\"widget\" data-widget_type=\"heading.default\">\n\t\t\t\t<div class=\"elementor-widget-container\">\n\t\t\t\t\t<h2 class=\"elementor-heading-title elementor-size-default\">Tymoteusz Berna\u015b<\/h2>\t\t\t\t<\/div>\n\t\t\t\t<\/div>\n\t\t\t\t<div class=\"elementor-element elementor-element-1549808 elementor-widget elementor-widget-text-editor\" data-id=\"1549808\" data-element_type=\"widget\" data-e-type=\"widget\" data-widget_type=\"text-editor.default\">\n\t\t\t\t<div class=\"elementor-widget-container\">\n\t\t\t\t\t\t\t\t\t<p>Project Manager<\/p>\t\t\t\t\t\t\t\t<\/div>\n\t\t\t\t<\/div>\n\t\t\t\t<div class=\"elementor-element elementor-element-163c82b elementor-align-center elementor-widget__width-initial elementor-icon-list--layout-traditional elementor-list-item-link-full_width elementor-widget elementor-widget-icon-list\" data-id=\"163c82b\" data-element_type=\"widget\" data-e-type=\"widget\" data-widget_type=\"icon-list.default\">\n\t\t\t\t<div class=\"elementor-widget-container\">\n\t\t\t\t\t\t\t<ul class=\"elementor-icon-list-items\">\n\t\t\t\t\t\t\t<li class=\"elementor-icon-list-item\">\n\t\t\t\t\t\t\t\t\t\t\t<span class=\"elementor-icon-list-icon\">\n\t\t\t\t\t\t\t<i aria-hidden=\"true\" class=\"fas fa-envelope\"><\/i>\t\t\t\t\t\t<\/span>\n\t\t\t\t\t\t\t\t\t\t<span class=\"elementor-icon-list-text\">tymoteusz.bernas@energorem.net<\/span>\n\t\t\t\t\t\t\t\t\t<\/li>\n\t\t\t\t\t\t<\/ul>\n\t\t\t\t\t\t<\/div>\n\t\t\t\t<\/div>\n\t\t\t\t\t<\/div>\n\t\t<\/div>\n\t\t\t\t\t<\/div>\n\t\t<\/section>\n\t\t\t\t<section class=\"elementor-section elementor-top-section elementor-element elementor-element-ca31093 elementor-section-boxed elementor-section-height-default elementor-section-height-default\" data-id=\"ca31093\" data-element_type=\"section\" data-e-type=\"section\">\n\t\t\t\t\t\t<div class=\"elementor-container elementor-column-gap-default\">\n\t\t\t\t\t<div class=\"elementor-column elementor-col-100 elementor-top-column elementor-element elementor-element-6e19b8a\" data-id=\"6e19b8a\" data-element_type=\"column\" data-e-type=\"column\">\n\t\t\t<div class=\"elementor-widget-wrap\">\n\t\t\t\t\t\t\t<\/div>\n\t\t<\/div>\n\t\t\t\t\t<\/div>\n\t\t<\/section>\n\t\t\t\t<\/div>","protected":false},"excerpt":{"rendered":"<p>Wszystkie zadania realizujemy dzi\u0119ki ambitnym wsp\u00f3\u0142pracownikom, dzia\u0142aj\u0105cym na miejscu inwestycji, jak r\u00f3wnie\u017c\u00a0zespo\u0142owi administracyjnemu, kt\u00f3ry planuje, organizuje i monitoruje post\u0119p prac. Jako zesp\u00f3\u0142 ENERGOREM wsp\u00f3lnie czuwamy nad jako\u015bci\u0105 realizowanych projekt\u00f3w. Krzysztof Dreko Prezes Zarz\u0105du Pawe\u0142 M\u0105dry Dyrektor Techniczny pawel.madry@energorem.net Jagoda Mr\u00f3zek Kierownik Biura Sp\u00f3\u0142ki jagoda.mrozek@energorem.net Dawid R\u0119bielewski Kierownik Projekt\u00f3w dawid.rebielewski@energorem.net Tymoteusz Berna\u015b Kierownik Projekt\u00f3w tymoteusz.bernas@energorem.net<\/p>","protected":false},"author":1,"featured_media":0,"parent":0,"menu_order":0,"comment_status":"closed","ping_status":"closed","template":"","meta":{"footnotes":""},"class_list":["post-13","page","type-page","status-publish","hentry","entry"],"_links":{"self":[{"href":"https:\/\/energorem.net\/en\/wp-json\/wp\/v2\/pages\/13","targetHints":{"allow":["GET"]}}],"collection":[{"href":"https:\/\/energorem.net\/en\/wp-json\/wp\/v2\/pages"}],"about":[{"href":"https:\/\/energorem.net\/en\/wp-json\/wp\/v2\/types\/page"}],"author":[{"embeddable":true,"href":"https:\/\/energorem.net\/en\/wp-json\/wp\/v2\/users\/1"}],"replies":[{"embeddable":true,"href":"https:\/\/energorem.net\/en\/wp-json\/wp\/v2\/comments?post=13"}],"version-history":[{"count":73,"href":"https:\/\/energorem.net\/en\/wp-json\/wp\/v2\/pages\/13\/revisions"}],"predecessor-version":[{"id":475,"href":"https:\/\/energorem.net\/en\/wp-json\/wp\/v2\/pages\/13\/revisions\/475"}],"wp:attachment":[{"href":"https:\/\/energorem.net\/en\/wp-json\/wp\/v2\/media?parent=13"}],"curies":[{"name":"wp","href":"https:\/\/api.w.org\/{rel}","templated":true}]}}